{"id":9576,"date":"2016-05-03T17:23:50","date_gmt":"2016-05-03T17:23:50","guid":{"rendered":"https:\/\/hernar.es\/?page_id=9576"},"modified":"2021-12-23T10:08:45","modified_gmt":"2021-12-23T10:08:45","slug":"contacto-hernar","status":"publish","type":"page","link":"https:\/\/hernar.es\/?page_id=9576","title":{"rendered":"Contacto Hernar"},"content":{"rendered":"[mk_page_section bg_image=\u00bbhttps:\/\/hernar.es\/wp-content\/uploads\/2015\/12\/InstalacionesHernar01.jpg\u00bb attachment=\u00bbfixed\u00bb bg_stretch=\u00bbtrue\u00bb min_height=\u00bb0&#8243; full_height=\u00bbtrue\u00bb sidebar=\u00bbsidebar-1&#8243; first_page=\u00bbfalse\u00bb last_page=\u00bbfalse\u00bb][vc_column][mk_fancy_title color=\u00bb#ffffff\u00bb size=\u00bb28&#8243; font_weight=\u00bbbold\u00bb txt_transform=\u00bbuppercase\u00bb letter_spacing=\u00bb6&#8243; margin_bottom=\u00bb0&#8243; font_family=\u00bbnone\u00bb align=\u00bbcenter\u00bb]CONTACTAR[\/mk_fancy_title][mk_divider style=\u00bbthin_solid\u00bb divider_width=\u00bbcustom_width\u00bb custom_width=\u00bb30&#8243; thickness=\u00bb3&#8243; margin_top=\u00bb30&#8243; margin_bottom=\u00bb30&#8243;][vc_row_inner][vc_column_inner width=\u00bb1\/4&#8243;][\/vc_column_inner][vc_column_inner width=\u00bb1\/2&#8243; css=\u00bb.vc_custom_1469100487308{border-radius: 5px !important;}\u00bb][mk_title_box color=\u00bb#ffffff\u00bb highlight_color=\u00bb#000000&#8243; font_weight=\u00bb400&#8243; stroke=\u00bb1&#8243; stroke_color=\u00bb#ffffff\u00bb font_family=\u00bbnone\u00bb align=\u00bbcenter\u00bb]Electricidad HERNAR S.A.<\/p>\n<p>Direccion: Pol. Ind. LAS CASAS II Parc.238<\/p>\n<p>C.P. 42005 SORIA<\/p>\n<p>Tel. 975 22 13 16 \/ Fax. 975 22 14 48<\/p>\n<p>Email: hernar@hernar.es[\/mk_title_box][\/vc_column_inner][vc_column_inner width=\u00bb1\/4&#8243;][\/vc_column_inner][\/vc_row_inner][vc_icon type=\u00bblinecons\u00bb icon_linecons=\u00bbvc_li vc_li-mail\u00bb color=\u00bbblack\u00bb background_style=\u00bbboxed\u00bb size=\u00bblg\u00bb align=\u00bbcenter\u00bb][vc_icon icon_fontawesome=\u00bbfa fa-arrow-down\u00bb color=\u00bbblack\u00bb background_style=\u00bbrounded\u00bb size=\u00bblg\u00bb align=\u00bbcenter\u00bb link=\u00bburl:%23msg|||\u00bb][\/vc_column][\/mk_page_section][mk_page_section bg_color=\u00bb#74a085&#8243; min_height=\u00bb0&#8243; full_height=\u00bbtrue\u00bb padding_top=\u00bb60&#8243; padding_bottom=\u00bb60&#8243; top_shape_color=\u00bb#ffffff\u00bb bottom_shape_color=\u00bb#ffffff\u00bb section_id=\u00bbmsg\u00bb sidebar=\u00bbsidebar-1&#8243; first_page=\u00bbfalse\u00bb last_page=\u00bbfalse\u00bb][vc_column][mk_fancy_title color=\u00bb#ffffff\u00bb size=\u00bb20&#8243; font_weight=\u00bbbold\u00bb txt_transform=\u00bbuppercase\u00bb letter_spacing=\u00bb2&#8243; margin_bottom=\u00bb0&#8243; font_family=\u00bbnone\u00bb align=\u00bbcenter\u00bb]Escribenos[\/mk_fancy_title][vc_row_inner][vc_column_inner width=\u00bb1\/6&#8243;][\/vc_column_inner][vc_column_inner width=\u00bb2\/3&#8243;][vc_column_text disable_pattern=\u00bbfalse\u00bb align=\u00bbcenter\u00bb margin_bottom=\u00bb30&#8243;]\n<p style=\"color: #898989; text-align: center;\"><span style=\"color: #ffffff;\">Estaremos encantados de resolver cualquier duda que tengas.<\/span><\/p>\n[\/vc_column_text][\/vc_column_inner][vc_column_inner width=\u00bb1\/6&#8243;][\/vc_column_inner][\/vc_row_inner][vc_row_inner][vc_column_inner]\n<div class=\"wpcf7 no-js\" id=\"wpcf7-f9558-o1\" lang=\"es-ES\" dir=\"ltr\" data-wpcf7-id=\"9558\">\n<div class=\"screen-reader-response\"><p role=\"status\" aria-live=\"polite\" aria-atomic=\"true\"><\/p> <ul><\/ul><\/div>\n<form action=\"\/index.php?rest_route=%2Fwp%2Fv2%2Fpages%2F9576#wpcf7-f9558-o1\" method=\"post\" class=\"wpcf7-form init\" aria-label=\"Formulario de contacto\" novalidate=\"novalidate\" data-status=\"init\">\n<fieldset class=\"hidden-fields-container\"><input type=\"hidden\" name=\"_wpcf7\" value=\"9558\" \/><input type=\"hidden\" name=\"_wpcf7_version\" value=\"6.1.1\" \/><input type=\"hidden\" name=\"_wpcf7_locale\" value=\"es_ES\" \/><input type=\"hidden\" name=\"_wpcf7_unit_tag\" value=\"wpcf7-f9558-o1\" \/><input type=\"hidden\" name=\"_wpcf7_container_post\" value=\"0\" \/><input type=\"hidden\" name=\"_wpcf7_posted_data_hash\" value=\"\" \/><input type=\"hidden\" name=\"_wpcf7_recaptcha_response\" value=\"\" \/>\n<\/fieldset>\n<p style=\"color:#333333;\">Tu Nombre (requerido)\n<\/p>\n<p><span class=\"wpcf7-form-control-wrap\" data-name=\"your-name\"><input size=\"40\" maxlength=\"400\" class=\"wpcf7-form-control wpcf7-text wpcf7-validates-as-required\" aria-required=\"true\" aria-invalid=\"false\" value=\"\" type=\"text\" name=\"your-name\" \/><\/span>\n<\/p>\n<p style=\"color:#333333;\">E-mail de contacto (requerido)\n<\/p>\n<p><span class=\"wpcf7-form-control-wrap\" data-name=\"your-email\"><input size=\"40\" maxlength=\"400\" class=\"wpcf7-form-control wpcf7-email wpcf7-validates-as-required wpcf7-text wpcf7-validates-as-email\" aria-required=\"true\" aria-invalid=\"false\" value=\"\" type=\"email\" name=\"your-email\" \/><\/span>\n<\/p>\n<p style=\"color:#333333;\">Tu mensaje\n<\/p>\n<p><span class=\"wpcf7-form-control-wrap\" data-name=\"your-message\"><textarea cols=\"40\" rows=\"5\" maxlength=\"2000\" class=\"wpcf7-form-control wpcf7-textarea\" aria-invalid=\"false\" name=\"your-message\"><\/textarea><\/span>\n<\/p>\n<div class=\"row\">\n\t<div class=\"col-xs-12 col-sm-12 col-md-6 col-lg-6\">\n\t\t<p><span class=\"wpcf7-form-control-wrap\" data-name=\"AceptarCondiciones\"><span class=\"wpcf7-form-control wpcf7-acceptance\"><span class=\"wpcf7-list-item\"><input type=\"checkbox\" name=\"AceptarCondiciones\" value=\"1\" aria-invalid=\"false\" \/><\/span><\/span><\/span> He leido y acepto la <a href=\"https:\/\/hernar.es\/politica-de-privacidad\/\">\n\t\t\t\t<font color=\"blue\">Politica Privacidad\n\t\t\t\t<\/font><\/a>\n\t\t<\/p>\n\t<\/div>\n<\/div>\n<p style=\"color:#d9d9d9;\"> .\n<\/p>\n<p><input class=\"wpcf7-form-control wpcf7-submit has-spinner\" type=\"submit\" value=\"Enviar\" \/>\n<\/p><div class=\"wpcf7-response-output\" aria-hidden=\"true\"><\/div>\n<\/form>\n<\/div>\n[\/vc_column_inner][\/vc_row_inner][vc_column_text css=\u00bb.vc_custom_1551369442750{margin-bottom: 0px !important;border-top-width: 1px !important;border-right-width: 1px !important;border-bottom-width: 1px !important;border-left-width: 1px !important;padding-top: 2px !important;padding-right: 2px !important;padding-bottom: 2px !important;padding-left: 2px !important;border-left-color: #333333 !important;border-left-style: solid !important;border-right-color: #333333 !important;border-right-style: solid !important;border-top-color: #333333 !important;border-top-style: solid !important;border-bottom-color: #333333 !important;border-bottom-style: solid !important;}\u00bb]\n<p class=\"form-lopd__title\"><span style=\"color: #333333;\">INFORMACI\u00d3N B\u00c1SICA SOBRE PROTECCI\u00d3N DE DATOS DE CAR\u00c1CTER PERSONAL<\/span><\/p>\n<article class=\"form-lopd__info\"><span style=\"color: #333333;\"><strong>Responsable:<\/strong> HERNAR SA.<strong>Finalidad:<\/strong>\u00a0Proporcionarle informaci\u00f3n comercial de productos y servicios de la empresa.<\/span><\/article>\n<article class=\"form-lopd__info\"><span style=\"color: #333333;\"><strong>Legitimaci\u00f3n:<\/strong> Consentimiento del interesado.<\/span><\/article>\n<article class=\"form-lopd__info\"><span style=\"color: #333333;\"><strong>Destinatarios:<\/strong> Ninguno, salvo obligaci\u00f3n legal.<\/span><\/article>\n<article class=\"form-lopd__info\"><span style=\"color: #333333;\"><strong>Derechos:<\/strong> Acceso, rectificaci\u00f3n, supresi\u00f3n, oposici\u00f3n, limitaci\u00f3n al tratamiento, portabilidad y presentar una reclamaci\u00f3n ante la Agencia Espa\u00f1ola de Protecci\u00f3n de Datos.<\/span><\/article>\n<article class=\"form-lopd__info\"><span style=\"color: #333333;\"><strong>Informaci\u00f3n adicional:<\/strong>\u00a0Puede consultar m\u00e1s informaci\u00f3n en nuestra\u00a0<span style=\"color: #3366ff;\"><a style=\"color: #3366ff;\" title=\"Ver la Pol\u00edtica de Privacidad\" href=\"https:\/\/hernar.es\/politica-de-privacidad\/\" target=\"_blank\" rel=\"noopener noreferrer\">Pol\u00edtica de Privacidad<\/a><\/span><\/span><\/article>\n[\/vc_column_text][\/vc_column][\/mk_page_section]\n","protected":false},"excerpt":{"rendered":"<p>[mk_page_section bg_image=\u00bbhttps:\/\/hernar.es\/wp-content\/uploads\/2015\/12\/InstalacionesHernar01.jpg\u00bb attachment=\u00bbfixed\u00bb bg_stretch=\u00bbtrue\u00bb min_height=\u00bb0&#8243; full_height=\u00bbtrue\u00bb sidebar=\u00bbsidebar-1&#8243; first_page=\u00bbfalse\u00bb last_page=\u00bbfalse\u00bb][vc_column][mk_fancy_title color=\u00bb#ffffff\u00bb size=\u00bb28&#8243; font_weight=\u00bbbold\u00bb txt_transform=\u00bbuppercase\u00bb letter_spacing=\u00bb6&#8243; margin_bottom=\u00bb0&#8243; font_family=\u00bbnone\u00bb align=\u00bbcenter\u00bb]CONTACTAR[\/mk_fancy_title][mk_divider style=\u00bbthin_solid\u00bb divider_width=\u00bbcustom_width\u00bb custom_width=\u00bb30&#8243; thickness=\u00bb3&#8243; margin_top=\u00bb30&#8243; margin_bottom=\u00bb30&#8243;][vc_row_inner][vc_column_inner width=\u00bb1\/4&#8243;][\/vc_column_inner][vc_column_inner width=\u00bb1\/2&#8243; css=\u00bb.vc_custom_1469100487308{border-radius: 5px !important;}\u00bb][mk_title_box color=\u00bb#ffffff\u00bb highlight_color=\u00bb#000000&#8243; font_weight=\u00bb400&#8243; stroke=\u00bb1&#8243; stroke_color=\u00bb#ffffff\u00bb font_family=\u00bbnone\u00bb align=\u00bbcenter\u00bb]Electricidad HERNAR S.A. Direccion: Pol. Ind. LAS CASAS II Parc.238 C.P. 42005 SORIA Tel. 975 22 13 16 \/ Fax. 975 [&hellip;]<\/p>\n","protected":false},"author":4,"featured_media":0,"parent":0,"menu_order":0,"comment_status":"open","ping_status":"closed","template":"","meta":{"footnotes":""},"class_list":["post-9576","page","type-page","status-publish","hentry"],"_links":{"self":[{"href":"https:\/\/hernar.es\/index.php?rest_route=\/wp\/v2\/pages\/9576","targetHints":{"allow":["GET"]}}],"collection":[{"href":"https:\/\/hernar.es\/index.php?rest_route=\/wp\/v2\/pages"}],"about":[{"href":"https:\/\/hernar.es\/index.php?rest_route=\/wp\/v2\/types\/page"}],"author":[{"embeddable":true,"href":"https:\/\/hernar.es\/index.php?rest_route=\/wp\/v2\/users\/4"}],"replies":[{"embeddable":true,"href":"https:\/\/hernar.es\/index.php?rest_route=%2Fwp%2Fv2%2Fcomments&post=9576"}],"version-history":[{"count":26,"href":"https:\/\/hernar.es\/index.php?rest_route=\/wp\/v2\/pages\/9576\/revisions"}],"predecessor-version":[{"id":10333,"href":"https:\/\/hernar.es\/index.php?rest_route=\/wp\/v2\/pages\/9576\/revisions\/10333"}],"wp:attachment":[{"href":"https:\/\/hernar.es\/index.php?rest_route=%2Fwp%2Fv2%2Fmedia&parent=9576"}],"curies":[{"name":"wp","href":"https:\/\/api.w.org\/{rel}","templated":true}]}}