{"id":9498,"date":"2016-04-20T12:41:37","date_gmt":"2016-04-20T12:41:37","guid":{"rendered":"https:\/\/hernar.es\/?page_id=9498"},"modified":"2021-12-23T09:50:00","modified_gmt":"2021-12-23T09:50:00","slug":"nuestra-empresa","status":"publish","type":"page","link":"https:\/\/hernar.es\/?page_id=9498","title":{"rendered":"Nuestra Empresa"},"content":{"rendered":"[mk_page_section bg_image=\u00bbhttps:\/\/hernar.es\/wp-content\/uploads\/2016\/04\/1.jpg\u00bb bg_stretch=\u00bbtrue\u00bb video_color_mask=\u00bb#000000&#8243; full_height=\u00bbtrue\u00bb intro_effect=\u00bbzoom_out\u00bb sidebar=\u00bbsidebar-1&#8243; first_page=\u00bbfalse\u00bb last_page=\u00bbfalse\u00bb][vc_column][mk_fancy_title color=\u00bb#ffffff\u00bb size=\u00bb42&#8243; font_weight=\u00bbbold\u00bb font_style=\u00bbnormal\u00bb txt_transform=\u00bbuppercase\u00bb letter_spacing=\u00bb12&#8243; margin_bottom=\u00bb0&#8243; font_family=\u00bbnone\u00bb align=\u00bbcenter\u00bb]Conoce quienes Somos[\/mk_fancy_title][mk_divider style=\u00bbthin_solid\u00bb divider_width=\u00bbcustom_width\u00bb custom_width=\u00bb30&#8243; thickness=\u00bb3&#8243; margin_top=\u00bb25&#8243; margin_bottom=\u00bb30&#8243;][mk_fancy_title tag_name=\u00bbh4&#8243; color=\u00bb#ffffff\u00bb size=\u00bb16&#8243; font_style=\u00bbnormal\u00bb letter_spacing=\u00bb1&#8243; margin_bottom=\u00bb0&#8243; font_family=\u00bbnone\u00bb align=\u00bbcenter\u00bb]Donde estamos y como son nuestras Instalaciones y Equipos[\/mk_fancy_title][\/vc_column][\/mk_page_section][vc_row][vc_column][mk_padding_divider][rev_slider_vc alias=\u00bbinstalaciones\u00bb][\/vc_column][\/vc_row][vc_row][vc_column width=\u00bb1\/6&#8243;][\/vc_column][vc_column width=\u00bb2\/3&#8243;][mk_fancy_title color=\u00bb#393836&#8243; size=\u00bb22&#8243; font_weight=\u00bbbold\u00bb letter_spacing=\u00bb1&#8243; margin_bottom=\u00bb0&#8243; font_family=\u00bbnone\u00bb align=\u00bbcenter\u00bb]Somos un empresa de Electricidad con un<br \/>\ngran equipo de\u00a0Profesionales[\/mk_fancy_title][mk_divider style=\u00bbthin_solid\u00bb divider_width=\u00bbcustom_width\u00bb custom_width=\u00bb25&#8243; thickness=\u00bb3&#8243;][\/vc_column][vc_column width=\u00bb1\/6&#8243;][\/vc_column][\/vc_row][vc_row][vc_column width=\u00bb1\/6&#8243;][\/vc_column][vc_column width=\u00bb2\/3&#8243;][vc_column_text disable_pattern=\u00bbfalse\u00bb align=\u00bbcenter\u00bb]<strong>HERNAR, S.A. <\/strong>es una empresa fundada en 1978\u00a0\u00a0con sede social en Soria, pero desarrollamos nuestros\u00a0servicios donde sean requeridos por el cliente, ya sea en el \u00e1mbito provincial,regional, nacional e incluso internacional.[\/vc_column_text][mk_padding_divider size=\u00bb80&#8243;][\/vc_column][vc_column width=\u00bb1\/6&#8243;][\/vc_column][\/vc_row][vc_row][vc_column][mk_padding_divider][\/vc_column][\/vc_row][mk_page_section bg_color=\u00bb#f2f2f2&#8243; min_height=\u00bb0&#8243; padding_top=\u00bb90&#8243; padding_bottom=\u00bb50&#8243; sidebar=\u00bbsidebar-1&#8243; first_page=\u00bbfalse\u00bb last_page=\u00bbfalse\u00bb][vc_column][vc_row_inner][vc_column_inner width=\u00bb1\/3&#8243;][mk_milestone icon=\u00bbmk-moon-calendar-2&#8243; icon_size=\u00bblarge\u00bb align=\u00bbcenter\u00bb icon_color=\u00bb#bababa\u00bb stop=\u00bb1978&#8243; text=\u00bbFundada En:\u00bb text_color=\u00bb#333333&#8243; text_size=\u00bb42&#8243; font_family=\u00bbnone\u00bb desc_size=\u00bb18&#8243;][\/vc_column_inner][vc_column_inner width=\u00bb1\/3&#8243;][mk_milestone icon=\u00bbmk-icon-files-o\u00bb icon_size=\u00bblarge\u00bb align=\u00bbcenter\u00bb icon_color=\u00bb#bababa\u00bb stop=\u00bb1231&#8243; text=\u00bbProyectos\u00bb text_color=\u00bb#333333&#8243; text_size=\u00bb42&#8243; font_family=\u00bbnone\u00bb desc_size=\u00bb18&#8243;][\/vc_column_inner][vc_column_inner width=\u00bb1\/3&#8243;][mk_milestone icon=\u00bbmk-li-portfolio\u00bb icon_size=\u00bblarge\u00bb align=\u00bbcenter\u00bb icon_color=\u00bb#bababa\u00bb stop=\u00bb3468&#8243; text=\u00bbClientes\u00bb text_color=\u00bb#333333&#8243; text_size=\u00bb42&#8243; font_family=\u00bbnone\u00bb desc_size=\u00bb18&#8243;][\/vc_column_inner][\/vc_row_inner][vc_row_inner][vc_column_inner width=\u00bb1\/2&#8243;][mk_fancy_title font_family=\u00bbnone\u00bb]<strong>Vision<\/strong>[\/mk_fancy_title][vc_column_text]Conseguir un conjunto de\u00a0profesionales altamente cualificados para dar soluciones al cliente, abarcando todas las necesidades relacionadas con la <strong>electricidad<\/strong>.<\/p>\n[\/vc_column_text][\/vc_column_inner][vc_column_inner width=\u00bb1\/2&#8243;][mk_fancy_title font_family=\u00bbnone\u00bb]<strong>Mision<\/strong>[\/mk_fancy_title][vc_column_text]Actualmente estamos preparados para ofrecer un servicio <strong>altamente cualificado<\/strong>, desde el proyecto inicial, hasta las gestiones administrativas y legalizaci\u00f3n de las instalaciones, ya sean el\u00e9ctricas, de telecomunicaci\u00f3n, renovables, cogeneraci\u00f3n, calefacci\u00f3n, aguas, seguridad, etc.[\/vc_column_text][\/vc_column_inner][\/vc_row_inner][\/vc_column][\/mk_page_section][mk_page_section bg_color=\u00bb#f2f2f2&#8243; min_height=\u00bb0&#8243; padding_bottom=\u00bb50&#8243; sidebar=\u00bbsidebar-1&#8243; first_page=\u00bbfalse\u00bb last_page=\u00bbfalse\u00bb][vc_column][vc_row_inner attached=\u00bbtrue\u00bb padding=\u00bb3&#8243;][vc_column_inner width=\u00bb1\/2&#8243;][mk_fancy_title color=\u00bb#393836&#8243; size=\u00bb22&#8243; font_weight=\u00bbbold\u00bb txt_transform=\u00bbuppercase\u00bb letter_spacing=\u00bb1&#8243; margin_bottom=\u00bb0&#8243; font_family=\u00bbnone\u00bb]<strong>Nuestros Valores:<\/strong>[\/mk_fancy_title][vc_column_text disable_pattern=\u00bbfalse\u00bb]El potencial y la preparaci\u00f3n de los recursos humanos\u00a0de <strong>HERNAR, S.A<\/strong>., permiten en todo momento responder\u00a0a las necesidades de mercado ante cualquier avance\u00a0tecnol\u00f3gico. Los profesionales tenemos claro que la\u00a0formaci\u00f3n tiene que ser constante, ya que para desarrollar\u00a0todas las actividades mencionadas es necesario contar\u00a0con un equipo humano de direcci\u00f3n, administraci\u00f3n,\u00a0t\u00e9cnico, comercial y sobre todo de mano de obra\u00a0especializada. En base a estos recursos, acompa\u00f1ados\u00a0de los medios materiales m\u00e1s avanzados, <strong>HERNAR,\u00a0S.A<\/strong>., est\u00e1 preparada para ofrecer un servicio completo\u00a0\u201c<em>llave en mano<\/em>\u201d de cualquier obra a ejecutar, desde el\u00a0proyecto inicial, hasta las gestiones administrativas y\u00a0legalizaci\u00f3n de las instalaciones, ya sean el\u00e9ctricas, de\u00a0telecomunicaci\u00f3n, renovables, cogeneraci\u00f3n, calefacci\u00f3n,\u00a0aguas, seguridad, etc.[\/vc_column_text][mk_button dimension=\u00bbflat\u00bb size=\u00bblarge\u00bb url=\u00bbhttps:\/\/hernar.es\/algunos-proyectos-temporal\/\u00bb margin_top=\u00bb30&#8243; margin_bottom=\u00bb0&#8243; bg_color=\u00bb#444444&#8243;]Algunos Proyectos[\/mk_button][\/vc_column_inner][vc_column_inner width=\u00bb1\/2&#8243;][mk_skill_meter title=\u00bbCompetitividad\u00bb percent=\u00bb90&#8243; color=\u00bb#a0a0a0&#8243;][mk_skill_meter title=\u00bbPreparacion\u00bb percent=\u00bb80&#8243; color=\u00bb#a0a0a0&#8243;][mk_skill_meter title=\u00bbCalidad\u00bb percent=\u00bb96&#8243; color=\u00bb#a0a0a0&#8243;][mk_skill_meter title=\u00bbTiempo de Respuesta\u00bb percent=\u00bb80&#8243; color=\u00bb#a0a0a0&#8243;][mk_skill_meter title=\u00bbSoluciones Tecnicas\u00bb percent=\u00bb95&#8243; color=\u00bb#a0a0a0&#8243;][mk_button dimension=\u00bbflat\u00bb size=\u00bbmedium\u00bb icon=\u00bbmk-moon-file-pdf\u00bb url=\u00bbhttps:\/\/hernar.es\/wp-content\/uploads\/politica-calidad-hernar-03.pdf\u00bb target=\u00bb_blank\u00bb align=\u00bbright\u00bb margin_top=\u00bb30&#8243; margin_bottom=\u00bb0&#8243; bg_color=\u00bb#dd3333&#8243;]Pol\u00edtica Calidad[\/mk_button][\/vc_column_inner][\/vc_row_inner][\/vc_column][\/mk_page_section][mk_page_section bg_color=\u00bb#444444&#8243; min_height=\u00bb0&#8243; full_width=\u00bbtrue\u00bb padding_top=\u00bb1&#8243; padding_bottom=\u00bb1&#8243; top_shape_color=\u00bb#ffffff\u00bb bottom_shape_color=\u00bb#ffffff\u00bb sidebar=\u00bbsidebar-1&#8243; first_page=\u00bbfalse\u00bb last_page=\u00bbfalse\u00bb][vc_column][mk_divider style=\u00bbthin_solid\u00bb thin_single_color=\u00bb#ff8c00&#8243; margin_top=\u00bb5&#8243;][\/vc_column][\/mk_page_section][mk_page_section bg_color=\u00bb#444444&#8243; min_height=\u00bb0&#8243; padding_top=\u00bb1&#8243; padding_bottom=\u00bb1&#8243; top_shape_color=\u00bb#ffffff\u00bb bottom_shape_color=\u00bb#ffffff\u00bb sidebar=\u00bbsidebar-1&#8243; first_page=\u00bbfalse\u00bb last_page=\u00bbfalse\u00bb][vc_column][vc_row_inner][vc_column_inner width=\u00bb2\/3&#8243;][mk_fancy_title color=\u00bb#ffffff\u00bb size=\u00bb22&#8243; font_weight=\u00bbbold\u00bb txt_transform=\u00bbnone\u00bb letter_spacing=\u00bb1&#8243; margin_top=\u00bb15&#8243; font_family=\u00bbnone\u00bb]\n<h3><span style=\"color: #ff8c00;\">NO LO DUDES!<\/span><\/h3>\n<p><span style=\"color: #909090;\">Te asesoramos <span style=\"color: #ffffff;\">SIN <\/span>compromiso sobre cualquier Instalaci\u00f3n o Reparaci\u00f3n El\u00e9ctrica que Necesites<\/span>[\/mk_fancy_title][\/vc_column_inner][vc_column_inner width=\u00bb1\/3&#8243;][mk_button dimension=\u00bbflat\u00bb size=\u00bblarge\u00bb url=\u00bbhttps:\/\/hernar.es\/contacto-hernar\/\u00bb align=\u00bbcenter\u00bb margin_top=\u00bb45&#8243; bg_color=\u00bb#ff8c00&#8243; btn_hover_bg=\u00bb#28cc00&#8243;]Solitar INFORMACION[\/mk_button][\/vc_column_inner][\/vc_row_inner][\/vc_column][\/mk_page_section][mk_page_section bg_color=\u00bb#444444&#8243; min_height=\u00bb0&#8243; full_width=\u00bbtrue\u00bb padding_top=\u00bb1&#8243; padding_bottom=\u00bb1&#8243; top_shape_color=\u00bb#ffffff\u00bb bottom_shape_color=\u00bb#ffffff\u00bb sidebar=\u00bbsidebar-1&#8243; first_page=\u00bbfalse\u00bb last_page=\u00bbfalse\u00bb][vc_column][mk_divider style=\u00bbthin_solid\u00bb thin_single_color=\u00bb#ff8c00&#8243; margin_top=\u00bb5&#8243;][\/vc_column][\/mk_page_section]\n","protected":false},"excerpt":{"rendered":"<p>[mk_page_section bg_image=\u00bbhttps:\/\/hernar.es\/wp-content\/uploads\/2016\/04\/1.jpg\u00bb bg_stretch=\u00bbtrue\u00bb video_color_mask=\u00bb#000000&#8243; full_height=\u00bbtrue\u00bb intro_effect=\u00bbzoom_out\u00bb sidebar=\u00bbsidebar-1&#8243; first_page=\u00bbfalse\u00bb last_page=\u00bbfalse\u00bb][vc_column][mk_fancy_title color=\u00bb#ffffff\u00bb size=\u00bb42&#8243; font_weight=\u00bbbold\u00bb font_style=\u00bbnormal\u00bb txt_transform=\u00bbuppercase\u00bb letter_spacing=\u00bb12&#8243; margin_bottom=\u00bb0&#8243; font_family=\u00bbnone\u00bb align=\u00bbcenter\u00bb]Conoce quienes Somos[\/mk_fancy_title][mk_divider style=\u00bbthin_solid\u00bb divider_width=\u00bbcustom_width\u00bb custom_width=\u00bb30&#8243; thickness=\u00bb3&#8243; margin_top=\u00bb25&#8243; margin_bottom=\u00bb30&#8243;][mk_fancy_title tag_name=\u00bbh4&#8243; color=\u00bb#ffffff\u00bb size=\u00bb16&#8243; font_style=\u00bbnormal\u00bb letter_spacing=\u00bb1&#8243; margin_bottom=\u00bb0&#8243; font_family=\u00bbnone\u00bb align=\u00bbcenter\u00bb]Donde estamos y como son nuestras Instalaciones y Equipos[\/mk_fancy_title][\/vc_column][\/mk_page_section][vc_row][vc_column][mk_padding_divider][rev_slider_vc alias=\u00bbinstalaciones\u00bb][\/vc_column][\/vc_row][vc_row][vc_column width=\u00bb1\/6&#8243;][\/vc_column][vc_column width=\u00bb2\/3&#8243;][mk_fancy_title color=\u00bb#393836&#8243; size=\u00bb22&#8243; font_weight=\u00bbbold\u00bb letter_spacing=\u00bb1&#8243; margin_bottom=\u00bb0&#8243; font_family=\u00bbnone\u00bb align=\u00bbcenter\u00bb]Somos un empresa de [&hellip;]<\/p>\n","protected":false},"author":4,"featured_media":0,"parent":0,"menu_order":0,"comment_status":"open","ping_status":"closed","template":"","meta":{"footnotes":""},"class_list":["post-9498","page","type-page","status-publish","hentry"],"_links":{"self":[{"href":"https:\/\/hernar.es\/index.php?rest_route=\/wp\/v2\/pages\/9498","targetHints":{"allow":["GET"]}}],"collection":[{"href":"https:\/\/hernar.es\/index.php?rest_route=\/wp\/v2\/pages"}],"about":[{"href":"https:\/\/hernar.es\/index.php?rest_route=\/wp\/v2\/types\/page"}],"author":[{"embeddable":true,"href":"https:\/\/hernar.es\/index.php?rest_route=\/wp\/v2\/users\/4"}],"replies":[{"embeddable":true,"href":"https:\/\/hernar.es\/index.php?rest_route=%2Fwp%2Fv2%2Fcomments&post=9498"}],"version-history":[{"count":32,"href":"https:\/\/hernar.es\/index.php?rest_route=\/wp\/v2\/pages\/9498\/revisions"}],"predecessor-version":[{"id":10331,"href":"https:\/\/hernar.es\/index.php?rest_route=\/wp\/v2\/pages\/9498\/revisions\/10331"}],"wp:attachment":[{"href":"https:\/\/hernar.es\/index.php?rest_route=%2Fwp%2Fv2%2Fmedia&parent=9498"}],"curies":[{"name":"wp","href":"https:\/\/api.w.org\/{rel}","templated":true}]}}